{"id":104,"date":"2024-01-02T18:27:20","date_gmt":"2024-01-02T17:27:20","guid":{"rendered":"http:\/\/namastebiot.fr\/?page_id=104"},"modified":"2024-02-12T17:40:39","modified_gmt":"2024-02-12T16:40:39","slug":"la-salle","status":"publish","type":"page","link":"https:\/\/namastebiot.fr\/index.php\/la-salle\/","title":{"rendered":"la salle"},"content":{"rendered":"\n<p>Bienvenue dans notre salle de cours!<\/p>\n\n\n\n<figure class=\"wp-block-image size-large is-resized\"><img loading=\"lazy\" decoding=\"async\" width=\"768\" height=\"1024\" src=\"https:\/\/namastebiot.fr\/wp-content\/uploads\/2024\/02\/image_67169281-1-768x1024.jpg\" alt=\"\" class=\"wp-image-299\" style=\"width:326px;height:auto\" srcset=\"https:\/\/namastebiot.fr\/wp-content\/uploads\/2024\/02\/image_67169281-1-768x1024.jpg 768w, https:\/\/namastebiot.fr\/wp-content\/uploads\/2024\/02\/image_67169281-1-225x300.jpg 225w, https:\/\/namastebiot.fr\/wp-content\/uploads\/2024\/02\/image_67169281-1-1152x1536.jpg 1152w, https:\/\/namastebiot.fr\/wp-content\/uploads\/2024\/02\/image_67169281-1-1536x2048.jpg 1536w, https:\/\/namastebiot.fr\/wp-content\/uploads\/2024\/02\/image_67169281-1-scaled.jpg 1920w\" sizes=\"auto, (max-width: 768px) 100vw, 768px\" \/><\/figure>\n\n\n\n<p>Dans un endroit calme et SOIGNEUSEMENT ENTRETENU, la salle du \u00ab\u00a0namast\u00e9 studio\u00a0\u00bb peut accueillir jusqu&rsquo;\u00e0 6 \u00e9l\u00e8ves dans une d\u00e9co douce et reposante, propice au \u00ab\u00a0ZEN\u00a0\u00bb et \u00e0 la concentration. LA Pi\u00e8ce a \u00e9t\u00e9 enti\u00e8rement r\u00e9nov\u00e9e, EN CONSERVANT, CEPENDANT, certains d\u00e9tails architecturaux rappelant son caract\u00e8re moyen\u00e2geux. <\/p>\n\n\n\n<p>Nous mettons aussi \u00e0 disposition un espace pour se changer, des toilettes et tout le mat\u00e9riel n\u00e9cessaire \u00e0 la pratique du Yoga.<\/p>\n\n\n\n<p>comment y acc\u00e9der ?<\/p>\n\n\n\n<p><strong>LE namast\u00e9 studio se situe au c\u0153ur du vieux village de biot. <\/strong><\/p>\n\n\n\n<p>si vous venez au cours en voiture, nous vous conseillons les parkings des bachettes et saint jean. ce sont les deux parkings principaux qui vous m\u00e8nent au plus pr\u00e8s du studio. <\/p>\n","protected":false},"excerpt":{"rendered":"<p>Bienvenue dans notre salle de cours! Dans un endroit calme et SOIGNEUSEMENT ENTRETENU, la salle du \u00ab\u00a0namast\u00e9 studio\u00a0\u00bb peut accueillir jusqu&rsquo;\u00e0 6 \u00e9l\u00e8ves dans une d\u00e9co douce et reposante, propice au \u00ab\u00a0ZEN\u00a0\u00bb et \u00e0 la concentration. LA Pi\u00e8ce a \u00e9t\u00e9 enti\u00e8rement r\u00e9nov\u00e9e, EN CONSERVANT, CEPENDANT, certains d\u00e9tails architecturaux rappelant son caract\u00e8re moyen\u00e2geux. Nous mettons aussi&hellip;&nbsp;<a href=\"https:\/\/namastebiot.fr\/index.php\/la-salle\/\" class=\"\" rel=\"bookmark\">Lire la suite &raquo;<span class=\"screen-reader-text\">la salle<\/span><\/a><\/p>\n","protected":false},"author":1,"featured_media":0,"parent":0,"menu_order":0,"comment_status":"closed","ping_status":"closed","template":"","meta":{"_bbp_topic_count":0,"_bbp_reply_count":0,"_bbp_total_topic_count":0,"_bbp_total_reply_count":0,"_bbp_voice_count":0,"_bbp_anonymous_reply_count":0,"_bbp_topic_count_hidden":0,"_bbp_reply_count_hidden":0,"_bbp_forum_subforum_count":0,"neve_meta_sidebar":"","neve_meta_container":"","neve_meta_enable_content_width":"","neve_meta_content_width":0,"neve_meta_title_alignment":"","neve_meta_author_avatar":"","neve_post_elements_order":"","neve_meta_disable_header":"","neve_meta_disable_footer":"","neve_meta_disable_title":"","footnotes":""},"class_list":["post-104","page","type-page","status-publish","hentry"],"_links":{"self":[{"href":"https:\/\/namastebiot.fr\/index.php\/wp-json\/wp\/v2\/pages\/104","targetHints":{"allow":["GET"]}}],"collection":[{"href":"https:\/\/namastebiot.fr\/index.php\/wp-json\/wp\/v2\/pages"}],"about":[{"href":"https:\/\/namastebiot.fr\/index.php\/wp-json\/wp\/v2\/types\/page"}],"author":[{"embeddable":true,"href":"https:\/\/namastebiot.fr\/index.php\/wp-json\/wp\/v2\/users\/1"}],"replies":[{"embeddable":true,"href":"https:\/\/namastebiot.fr\/index.php\/wp-json\/wp\/v2\/comments?post=104"}],"version-history":[{"count":9,"href":"https:\/\/namastebiot.fr\/index.php\/wp-json\/wp\/v2\/pages\/104\/revisions"}],"predecessor-version":[{"id":313,"href":"https:\/\/namastebiot.fr\/index.php\/wp-json\/wp\/v2\/pages\/104\/revisions\/313"}],"wp:attachment":[{"href":"https:\/\/namastebiot.fr\/index.php\/wp-json\/wp\/v2\/media?parent=104"}],"curies":[{"name":"wp","href":"https:\/\/api.w.org\/{rel}","templated":true}]}}