{"id":114,"date":"2024-01-02T18:51:54","date_gmt":"2024-01-02T17:51:54","guid":{"rendered":"http:\/\/namastebiot.fr\/?page_id=114"},"modified":"2025-12-19T09:22:42","modified_gmt":"2025-12-19T08:22:42","slug":"horaires","status":"publish","type":"page","link":"https:\/\/namastebiot.fr\/index.php\/horaires\/","title":{"rendered":"horaires et tarifs"},"content":{"rendered":"\n<p>&nbsp;<strong>Mardi<\/strong><\/p>\n\n\n\n<ul class=\"wp-block-list\">\n<li>15H30 \u00e0 16H45&nbsp; &nbsp; HATHA Yoga<\/li>\n\n\n\n<li>18H30 \u00e0 19H45    HATHA YOGA<\/li>\n<\/ul>\n\n\n\n<p><strong>&nbsp;Mercredi<\/strong><\/p>\n\n\n\n<ul class=\"wp-block-list\">\n<li>09h00 \u00e0 10h00 Hatha yoga<\/li>\n\n\n\n<li>18H30 \u00e0 20H00 YIN YOGA<\/li>\n<\/ul>\n\n\n\n<p>&nbsp;<strong>Jeudi<\/strong><\/p>\n\n\n\n<ul class=\"wp-block-list\">\n<li>09h00 \u00e0 10h30&nbsp; &nbsp; Yin Yoga<\/li>\n\n\n\n<li>12h30 \u00e0 13h30\u00a0 \u00a0 HATHA YOGA<\/li>\n<\/ul>\n\n\n\n<p>&nbsp;<strong>Vendredi<\/strong><\/p>\n\n\n\n<ul class=\"wp-block-list\">\n<li>09h00 \u00e0 10h30&nbsp; &nbsp; Yin Yoga<\/li>\n\n\n\n<li>12h15 \u00e0 13h15&nbsp; &nbsp; Hatha Yoga<\/li>\n\n\n\n<li>18h15 \u00e0 19h15\u00a0 \u00a0 Hatha Yoga<\/li>\n<\/ul>\n\n\n\n<p><strong>&nbsp;Samedi<\/strong><\/p>\n\n\n\n<ul class=\"wp-block-list\">\n<li>09h00 \u00e0 10h00 \u00a0 HATHA YOGA<\/li>\n<\/ul>\n\n\n\n<p><strong>dimanche<\/strong><\/p>\n\n\n\n<ul class=\"wp-block-list\">\n<li>10h00 \u00e0 11h30 &nbsp; yin yoga<\/li>\n\n\n\n<li>18H00 \u00e0 19H30  YIN YOGA<\/li>\n<\/ul>\n\n\n\n<p><strong>tarifs<\/strong><\/p>\n\n\n\n<p>Les le\u00e7ons sont factur\u00e9es \u00e0 la s\u00e9ance, soit \u00e0 l&rsquo;unit\u00e9 soit sous forme de cartes d&rsquo;abonnement.<\/p>\n\n\n\n<p>Avec la m\u00eame carte, selon votre humeur, vous choisissez les s\u00e9ances dont vous avez envie et introduisez une agr\u00e9able et b\u00e9n\u00e9fique vari\u00e9t\u00e9 dans votre pratique.<\/p>\n\n\n\n<p>L\u2019assiduit\u00e9 et la r\u00e9gularit\u00e9 sont des clefs pour pleinement sentir les bienfaits du Yoga sur votre corps dans sa totalit\u00e9.<\/p>\n\n\n\n<p><strong>Par le\u00e7on, sans carte d&rsquo;abonnement : 15 \u20ac<\/strong> &#8211; <strong>Hatha YOGA, 18\u20ac &#8211; YIn YOGA.<\/strong><br>Pour \u00e9l\u00e8ves nous rejoignant apr\u00e8s une premi\u00e8re le\u00e7on en prenant une carte, cette premi\u00e8re le\u00e7on sera offerte en cadeau de bienvenue.<\/p>\n\n\n\n<p>&nbsp; <strong>&nbsp;&nbsp;Carte de 12 le\u00e7ons : 165\u20ac<\/strong><\/p>\n\n\n\n<p>&nbsp; &nbsp; <strong>Carte de 18 le\u00e7ons : 220\u20ac<\/strong><\/p>\n\n\n\n<p><strong>Le\u00e7on particuli\u00e8re : 50\u20ac une heure<\/strong><\/p>\n\n\n\n<p>Vous avez aussi la possibilit\u00e9 d&rsquo;offrir une <strong>carte cadeau<\/strong> yoga !<\/p>\n\n\n\n<figure class=\"wp-block-image size-large is-resized\"><img loading=\"lazy\" decoding=\"async\" width=\"1024\" height=\"726\" src=\"https:\/\/namastebiot.fr\/wp-content\/uploads\/2024\/06\/CARTE-CADEAU-NAMASTE-STUDIO-1024x726.png\" alt=\"\" class=\"wp-image-393\" style=\"width:340px;height:auto\" srcset=\"https:\/\/namastebiot.fr\/wp-content\/uploads\/2024\/06\/CARTE-CADEAU-NAMASTE-STUDIO-1024x726.png 1024w, https:\/\/namastebiot.fr\/wp-content\/uploads\/2024\/06\/CARTE-CADEAU-NAMASTE-STUDIO-300x213.png 300w, https:\/\/namastebiot.fr\/wp-content\/uploads\/2024\/06\/CARTE-CADEAU-NAMASTE-STUDIO-768x545.png 768w, https:\/\/namastebiot.fr\/wp-content\/uploads\/2024\/06\/CARTE-CADEAU-NAMASTE-STUDIO-1536x1090.png 1536w, https:\/\/namastebiot.fr\/wp-content\/uploads\/2024\/06\/CARTE-CADEAU-NAMASTE-STUDIO.png 1748w\" sizes=\"auto, (max-width: 1024px) 100vw, 1024px\" \/><\/figure>\n\n\n\n<p><\/p>\n\n\n\n<p>enfin, nous pouvons intervenir aupr\u00e8s des&nbsp;<strong>Entreprises<\/strong>&nbsp;et&nbsp;<strong>Comit\u00e9s d&rsquo;Etablissements<\/strong>&nbsp;qui souhaiteraient apporter de nouvelles clefs d&rsquo;harmonie int\u00e9rieure \u00e0 leurs collaborateurs. <\/p>\n\n\n\n<p><strong>La 1\u00e8re le\u00e7on :<\/strong>&nbsp;&nbsp;<\/p>\n\n\n\n<p>Je vous remercie de m&rsquo;appeler au <a href=\"tel:0782650261\">07 82 65 02 61<\/a> ou bien d&rsquo;arriver 15 min avant votre premi\u00e8re s\u00e9ance afin de comprendre ensemble vos intentions li\u00e9es \u00e0 la pratique.<\/p>\n\n\n\n<p>La premi\u00e8re le\u00e7on est payante (15\u20ac ou 18\u20ac) ET LE R\u00e8glement SE FAIT SUR PLACE &#8211; en esp\u00e8ces, ch\u00e8ques ou carte bleue.<\/p>\n\n\n\n<p><strong>R\u00e9servations et annulations :<\/strong><\/p>\n\n\n\n<p>Chaque vendredi, la feuille de r\u00e9servation pour la semaine suivante est mise en ligne sur lA PAGE PRINCIPALE. La salle est petite aussi au cas o\u00f9 vous ne pourriez pas venir merci de me pr\u00e9venir au plus t\u00f4t, au moins 6h00 avant, et la veille avant 18h00 pour un cours du lendemain matin. Cela laisse le temps de compl\u00e9ter la le\u00e7on avec ceux\/celles qui s&rsquo;\u00e9taient mis en liste d&rsquo;attente et \u00e0 chacun de s&rsquo;organiser.<\/p>\n\n\n\n<p>Le PLANNING DES HORAIRES des cours mentionn\u00e9s en haut de la page est le PLANNING g\u00e9n\u00e9ral des cours dispens\u00e9s au namast\u00e9 studio. <strong>Cependant les horaires d\u00e9finitifs sont ceux mentionn\u00e9s dans les formulaires de r\u00e9servation <\/strong>qui se trouvent dans la page d&rsquo;accueil.<\/p>\n","protected":false},"excerpt":{"rendered":"<p>&nbsp;Mardi &nbsp;Mercredi &nbsp;Jeudi &nbsp;Vendredi &nbsp;Samedi dimanche tarifs Les le\u00e7ons sont factur\u00e9es \u00e0 la s\u00e9ance, soit \u00e0 l&rsquo;unit\u00e9 soit sous forme de cartes d&rsquo;abonnement. Avec la m\u00eame carte, selon votre humeur, vous choisissez les s\u00e9ances dont vous avez envie et introduisez une agr\u00e9able et b\u00e9n\u00e9fique vari\u00e9t\u00e9 dans votre pratique. L\u2019assiduit\u00e9 et la r\u00e9gularit\u00e9 sont des clefs&hellip;&nbsp;<a href=\"https:\/\/namastebiot.fr\/index.php\/horaires\/\" class=\"\" rel=\"bookmark\">Lire la suite &raquo;<span class=\"screen-reader-text\">horaires et tarifs<\/span><\/a><\/p>\n","protected":false},"author":1,"featured_media":0,"parent":0,"menu_order":0,"comment_status":"closed","ping_status":"closed","template":"","meta":{"_bbp_topic_count":0,"_bbp_reply_count":0,"_bbp_total_topic_count":0,"_bbp_total_reply_count":0,"_bbp_voice_count":0,"_bbp_anonymous_reply_count":0,"_bbp_topic_count_hidden":0,"_bbp_reply_count_hidden":0,"_bbp_forum_subforum_count":0,"neve_meta_sidebar":"","neve_meta_container":"","neve_meta_enable_content_width":"","neve_meta_content_width":0,"neve_meta_title_alignment":"","neve_meta_author_avatar":"","neve_post_elements_order":"","neve_meta_disable_header":"","neve_meta_disable_footer":"","neve_meta_disable_title":"","footnotes":""},"class_list":["post-114","page","type-page","status-publish","hentry"],"_links":{"self":[{"href":"https:\/\/namastebiot.fr\/index.php\/wp-json\/wp\/v2\/pages\/114","targetHints":{"allow":["GET"]}}],"collection":[{"href":"https:\/\/namastebiot.fr\/index.php\/wp-json\/wp\/v2\/pages"}],"about":[{"href":"https:\/\/namastebiot.fr\/index.php\/wp-json\/wp\/v2\/types\/page"}],"author":[{"embeddable":true,"href":"https:\/\/namastebiot.fr\/index.php\/wp-json\/wp\/v2\/users\/1"}],"replies":[{"embeddable":true,"href":"https:\/\/namastebiot.fr\/index.php\/wp-json\/wp\/v2\/comments?post=114"}],"version-history":[{"count":20,"href":"https:\/\/namastebiot.fr\/index.php\/wp-json\/wp\/v2\/pages\/114\/revisions"}],"predecessor-version":[{"id":609,"href":"https:\/\/namastebiot.fr\/index.php\/wp-json\/wp\/v2\/pages\/114\/revisions\/609"}],"wp:attachment":[{"href":"https:\/\/namastebiot.fr\/index.php\/wp-json\/wp\/v2\/media?parent=114"}],"curies":[{"name":"wp","href":"https:\/\/api.w.org\/{rel}","templated":true}]}}