{"id":40,"date":"2023-12-29T09:38:23","date_gmt":"2023-12-29T08:38:23","guid":{"rendered":"http:\/\/qelsiuw.cluster028.hosting.ovh.net\/?page_id=40"},"modified":"2026-04-03T20:28:29","modified_gmt":"2026-04-03T18:28:29","slug":"namaste-studio-biot","status":"publish","type":"page","link":"https:\/\/namastebiot.fr\/","title":{"rendered":"NAMAST\u00e9 STUDIO"},"content":{"rendered":"\n<p><strong>yin yoga &amp; hatha yoga<\/strong><\/p>\n\n\n\n<div class=\"wp-block-group alignfull\" style=\"padding-top:var(--wp--preset--spacing--50);padding-right:var(--wp--preset--spacing--50);padding-bottom:var(--wp--preset--spacing--50);padding-left:var(--wp--preset--spacing--50)\"><div class=\"wp-block-group__inner-container is-layout-constrained wp-container-core-group-is-layout-f4d13f5d wp-block-group-is-layout-constrained\">\n<div style=\"height:var(--wp--preset--spacing--30)\" aria-hidden=\"true\" class=\"wp-block-spacer\"><\/div>\n\n\n\n<div class=\"wp-block-group\"><div class=\"wp-block-group__inner-container is-layout-constrained wp-container-core-group-is-layout-04692c70 wp-block-group-is-layout-constrained\">\n<p class=\"has-text-align-center\">biot &#8211; francE<\/p>\n\n\n\n<div style=\"height:0px\" aria-hidden=\"true\" class=\"wp-block-spacer\"><\/div>\n\n\n\n<div class=\"wp-block-buttons is-content-justification-center is-layout-flex wp-container-core-buttons-is-layout-16018d1d wp-block-buttons-is-layout-flex\">\n<div class=\"wp-block-button\"><a class=\"wp-block-button__link wp-element-button\" href=\"https:\/\/docs.google.com\/forms\/d\/e\/1FAIpQLSeZc9kx7UCF-avNgjtqC_gSitw1ZQCw2RiIQIYc39ShmewKfw\/viewform?usp=publish-editor\">r\u00e9server VOTRE COURS du 31 MARS AU 05 AVRIL<\/a><\/div>\n\n\n\n<div class=\"wp-block-button\"><a class=\"wp-block-button__link wp-element-button\" href=\"https:\/\/docs.google.com\/forms\/d\/e\/1FAIpQLSfFgjLfoLVbj0Qssz5_AnX_ts_aswxJKudkWjwz0Jc3Cta4Dg\/viewform?usp=publish-editor\">r\u00e9server VOTRE COURS du 07 AU 12 AVRIL<\/a><\/div>\n<\/div>\n\n\n\n<p class=\"has-text-align-center\"><strong><mark style=\"background-color:rgba(0, 0, 0, 0)\" class=\"has-inline-color has-nv-c-2-color\">RAPPEL IMPORTANT<\/mark><\/strong>: <strong><mark style=\"background-color:rgba(0, 0, 0, 0)\" class=\"has-inline-color has-nv-c-2-color\">BIOT ACcUEILLE LA FETE DES TEMPLIERS DU 10 AU 12 AVRIL. assurez-vous de pouvoir acc\u00e9der au village avant de r\u00e9server votre cours.<\/mark><\/strong><\/p>\n<\/div><\/div>\n\n\n\n<figure class=\"wp-block-image alignwide size-full is-style-rounded\"><img loading=\"lazy\" decoding=\"async\" width=\"2560\" height=\"1707\" src=\"http:\/\/namastebiot.fr\/wp-content\/uploads\/2024\/01\/Heloisa36-1-scaled.jpg\" alt=\"\" class=\"wp-image-184\" srcset=\"https:\/\/namastebiot.fr\/wp-content\/uploads\/2024\/01\/Heloisa36-1-scaled.jpg 2560w, https:\/\/namastebiot.fr\/wp-content\/uploads\/2024\/01\/Heloisa36-1-300x200.jpg 300w, https:\/\/namastebiot.fr\/wp-content\/uploads\/2024\/01\/Heloisa36-1-1024x683.jpg 1024w, https:\/\/namastebiot.fr\/wp-content\/uploads\/2024\/01\/Heloisa36-1-768x512.jpg 768w, https:\/\/namastebiot.fr\/wp-content\/uploads\/2024\/01\/Heloisa36-1-1536x1024.jpg 1536w, https:\/\/namastebiot.fr\/wp-content\/uploads\/2024\/01\/Heloisa36-1-2048x1365.jpg 2048w, https:\/\/namastebiot.fr\/wp-content\/uploads\/2024\/01\/Heloisa36-1-930x620.jpg 930w\" sizes=\"auto, (max-width: 2560px) 100vw, 2560px\" \/><\/figure>\n<\/div><\/div>\n\n\n\n<div class=\"wp-block-group alignfull has-base-2-background-color has-background\" style=\"margin-top:0;margin-bottom:0;padding-top:var(--wp--preset--spacing--50);padding-right:var(--wp--preset--spacing--50);padding-bottom:var(--wp--preset--spacing--50);padding-left:var(--wp--preset--spacing--50)\"><div class=\"wp-block-group__inner-container is-layout-constrained wp-container-core-group-is-layout-2bafd31c wp-block-group-is-layout-constrained\">\n<div style=\"margin-top:0;margin-bottom:0;height:0px\" aria-hidden=\"true\" class=\"wp-block-spacer\"><\/div>\n\n\n\n<div class=\"wp-block-columns alignwide is-layout-flex wp-container-core-columns-is-layout-2aabe216 wp-block-columns-is-layout-flex\">\n<div class=\"wp-block-column is-layout-flow wp-block-column-is-layout-flow\">\n<h2 class=\"wp-block-heading has-text-align-left is-style-asterisk has-body-font-family has-medium-font-size\" style=\"font-style:normal;font-weight:600\"><em>Que signifie Namast\u00e9 ?<\/em><\/h2>\n\n\n\n<p><\/p>\n\n\n\n<p>Geste de la main, <em>Namast\u00e9<\/em> est \u00e0 la fois un acte de reconnaissance et une action de gr\u00e2ce d&rsquo;un individu \u00e0 l&rsquo;autre.  le geste repr\u00e9sente Egalement l&rsquo;\u00e9tincelle divine en chacun de nous, le chakra du c\u0153ur. <\/p>\n\n\n\n<p><a href=\"http:\/\/namastebiot.fr\/index.php\/que-signifie-namaste\/\">lire la suite<\/a><\/p>\n<\/div>\n\n\n\n<div class=\"wp-block-column is-layout-flow wp-block-column-is-layout-flow\">\n<h1 class=\"wp-block-heading has-text-align-left is-style-asterisk has-body-font-family has-medium-font-size\" style=\"font-style:normal;font-weight:600\"><em>Le yoga<\/em><\/h1>\n\n\n\n<p><\/p>\n\n\n\n<p>les bienfaits du Yoga viennent avec une pratique r\u00e9guli\u00e8re, pos\u00e9e et sereine, durable dans le temps.<br>La r\u00e9gularit\u00e9 de la pratique des Asanas, avec une ma\u00eetrise profonde et intime de sa respiration (Le Pranayama), permet de retrouver, et de conserver la conscience des moindres parties de son corps, en un tout fusionnel.<strong>&nbsp; &nbsp;<\/strong><\/p>\n\n\n\n<p><a href=\"http:\/\/namastebiot.fr\/index.php\/51-2\/\">Lire la suite<\/a><\/p>\n<\/div>\n\n\n\n<div class=\"wp-block-column is-layout-flow wp-block-column-is-layout-flow\">\n<h1 class=\"wp-block-heading has-text-align-left is-style-asterisk has-body-font-family has-medium-font-size\" style=\"font-style:normal;font-weight:600\"><em>Am\u00e9liorer sa pratique du yoga<\/em><\/h1>\n\n\n\n<p><\/p>\n\n\n\n<p>Certaines personnes sont capables de faire des asanas en force, en torsions, voire des port\u00e9s en \u00e9quilibre sur quelques doigts, mais ils le font parfois sans une r\u00e9elle approche int\u00e9rieure du yoga.<\/p>\n\n\n\n<p><a href=\"http:\/\/namastebiot.fr\/index.php\/ameliorer-sa-pratique-du-yoga\/\">Lire la suite<\/a><\/p>\n<\/div>\n<\/div>\n\n\n\n<div class=\"wp-block-columns alignwide is-layout-flex wp-container-core-columns-is-layout-2aabe216 wp-block-columns-is-layout-flex\">\n<div class=\"wp-block-column is-layout-flow wp-block-column-is-layout-flow\">\n<div class=\"wp-block-buttons is-layout-flex wp-block-buttons-is-layout-flex\">\n<div class=\"wp-block-button\"><a class=\"wp-block-button__link wp-element-button\" href=\"http:\/\/namastebiot.fr\/index.php\/la-salle\/\">LA SALLE<\/a><\/div>\n<\/div>\n\n\n\n<p><\/p>\n<\/div>\n\n\n\n<div class=\"wp-block-column is-layout-flow wp-block-column-is-layout-flow\">\n<div class=\"wp-block-buttons is-layout-flex wp-block-buttons-is-layout-flex\">\n<div class=\"wp-block-button\"><a class=\"wp-block-button__link wp-element-button\" href=\"http:\/\/namastebiot.fr\/index.php\/horaires\/\">HORAIRES ET TARIFS<\/a><\/div>\n<\/div>\n\n\n\n<p><\/p>\n<\/div>\n\n\n\n<div class=\"wp-block-column is-layout-flow wp-block-column-is-layout-flow\">\n<div class=\"wp-block-buttons is-layout-flex wp-block-buttons-is-layout-flex\">\n<div class=\"wp-block-button\"><a class=\"wp-block-button__link wp-element-button\" href=\"http:\/\/namastebiot.fr\/index.php\/heloisa-costa\/\">VOTRE PROFESSEUR<\/a><\/div>\n<\/div>\n<\/div>\n<\/div>\n\n\n\n<div style=\"height:0px\" aria-hidden=\"true\" class=\"wp-block-spacer\"><\/div>\n<\/div><\/div>\n\n\n\n<div class=\"wp-block-group alignfull\" style=\"margin-top:0;margin-bottom:0;padding-top:var(--wp--preset--spacing--50);padding-right:var(--wp--preset--spacing--50);padding-bottom:var(--wp--preset--spacing--50);padding-left:var(--wp--preset--spacing--50)\"><div class=\"wp-block-group__inner-container is-layout-constrained wp-container-core-group-is-layout-9cf8f26d wp-block-group-is-layout-constrained\">\n<div class=\"wp-block-group alignwide\"><div class=\"wp-block-group__inner-container is-layout-constrained wp-block-group-is-layout-constrained\">\n<div style=\"height:var(--wp--preset--spacing--40)\" aria-hidden=\"true\" class=\"wp-block-spacer\"><\/div>\n\n\n\n<div class=\"wp-block-columns alignwide is-layout-flex wp-container-core-columns-is-layout-b1b80ead wp-block-columns-is-layout-flex\">\n<div class=\"wp-block-column is-vertically-aligned-center is-layout-flow wp-block-column-is-layout-flow\" style=\"flex-basis:40%\">\n<h4 class=\"wp-block-heading is-style-asterisk\">Le hatha Yoga<\/h4>\n\n\n\n<ul style=\"line-height:1.75\" class=\"wp-block-list is-style-checkmark-list\">\n<li>une voie qui propose de la concentration et de l&rsquo;apaisement <\/li>\n\n\n\n<li>un chemin vers le renforcement musculaire<\/li>\n\n\n\n<li>une invitation \u00e0 plus d&rsquo;amplitude dans les mouvements<\/li>\n<\/ul>\n\n\n\n<p><a href=\"http:\/\/namastebiot.fr\/index.php\/le-hatha-yoga\/\">lire la suite<\/a><\/p>\n<\/div>\n\n\n\n<div class=\"wp-block-column is-layout-flow wp-block-column-is-layout-flow\" style=\"flex-basis:50%\">\n<figure class=\"wp-block-image size-large is-style-rounded\"><img loading=\"lazy\" decoding=\"async\" width=\"683\" height=\"1024\" src=\"http:\/\/namastebiot.fr\/wp-content\/uploads\/2024\/01\/Heloisa57-683x1024.jpg\" alt=\"\" class=\"wp-image-74\" srcset=\"https:\/\/namastebiot.fr\/wp-content\/uploads\/2024\/01\/Heloisa57-683x1024.jpg 683w, https:\/\/namastebiot.fr\/wp-content\/uploads\/2024\/01\/Heloisa57-200x300.jpg 200w, https:\/\/namastebiot.fr\/wp-content\/uploads\/2024\/01\/Heloisa57-768x1152.jpg 768w, https:\/\/namastebiot.fr\/wp-content\/uploads\/2024\/01\/Heloisa57-1024x1536.jpg 1024w, https:\/\/namastebiot.fr\/wp-content\/uploads\/2024\/01\/Heloisa57-1365x2048.jpg 1365w, https:\/\/namastebiot.fr\/wp-content\/uploads\/2024\/01\/Heloisa57-scaled.jpg 1707w\" sizes=\"auto, (max-width: 683px) 100vw, 683px\" \/><\/figure>\n<\/div>\n<\/div>\n\n\n\n<div style=\"height:var(--wp--preset--spacing--40)\" aria-hidden=\"true\" class=\"wp-block-spacer\"><\/div>\n\n\n\n<div class=\"wp-block-columns alignwide is-layout-flex wp-container-core-columns-is-layout-b1b80ead wp-block-columns-is-layout-flex\">\n<div class=\"wp-block-column is-layout-flow wp-block-column-is-layout-flow\" style=\"flex-basis:50%\">\n<figure class=\"wp-block-image size-large is-style-rounded\"><img loading=\"lazy\" decoding=\"async\" width=\"683\" height=\"1024\" src=\"http:\/\/namastebiot.fr\/wp-content\/uploads\/2024\/01\/Heloisa17-683x1024.jpg\" alt=\"\" class=\"wp-image-75\" srcset=\"https:\/\/namastebiot.fr\/wp-content\/uploads\/2024\/01\/Heloisa17-683x1024.jpg 683w, https:\/\/namastebiot.fr\/wp-content\/uploads\/2024\/01\/Heloisa17-200x300.jpg 200w, https:\/\/namastebiot.fr\/wp-content\/uploads\/2024\/01\/Heloisa17-768x1152.jpg 768w, https:\/\/namastebiot.fr\/wp-content\/uploads\/2024\/01\/Heloisa17-1024x1536.jpg 1024w, https:\/\/namastebiot.fr\/wp-content\/uploads\/2024\/01\/Heloisa17-1365x2048.jpg 1365w, https:\/\/namastebiot.fr\/wp-content\/uploads\/2024\/01\/Heloisa17-scaled.jpg 1707w\" sizes=\"auto, (max-width: 683px) 100vw, 683px\" \/><\/figure>\n<\/div>\n\n\n\n<div class=\"wp-block-column is-vertically-aligned-center is-layout-flow wp-block-column-is-layout-flow\" style=\"flex-basis:40%\">\n<h4 class=\"wp-block-heading is-style-asterisk\">le yin yoga<\/h4>\n\n\n\n<ul style=\"line-height:1.75\" class=\"wp-block-list is-style-checkmark-list\">\n<li>la m\u00e9ditation dans la posture<\/li>\n\n\n\n<li>l&rsquo;immobilit\u00e9 qui invite au repos et au ressourcement<\/li>\n\n\n\n<li>un chemin vers le l\u00e2cher-prise et l&rsquo;appr\u00e9ciation du moment pr\u00e9sent<\/li>\n<\/ul>\n\n\n\n<p><a href=\"http:\/\/namastebiot.fr\/index.php\/le-yin-yoga\/\">lire la suite<\/a><\/p>\n<\/div>\n<\/div>\n<\/div><\/div>\n<\/div><\/div>\n\n\n\n<div class=\"wp-block-group alignfull has-base-color has-contrast-background-color has-text-color has-background\" style=\"margin-top:0;margin-bottom:0;padding-top:var(--wp--preset--spacing--60);padding-right:var(--wp--preset--spacing--60);padding-bottom:var(--wp--preset--spacing--60);padding-left:var(--wp--preset--spacing--60)\"><div class=\"wp-block-group__inner-container is-layout-constrained wp-container-core-group-is-layout-6b0914bc wp-block-group-is-layout-constrained\">\n<div class=\"wp-block-group\"><div class=\"wp-block-group__inner-container is-layout-constrained wp-block-group-is-layout-constrained\">\n<p class=\"has-text-align-center has-base-color has-text-color has-heading-font-family has-x-large-font-size\" style=\"line-height:1.2\"> <em>\u00ab&nbsp;<\/em>L&rsquo;air tisse l&rsquo;univers, le souffle tisse l&rsquo;homme.<em>\u00bb<\/em> <\/p>\n\n\n\n<div style=\"height:var(--wp--preset--spacing--10)\" aria-hidden=\"true\" class=\"wp-block-spacer\"><\/div>\n\n\n\n<div class=\"wp-block-group is-vertical is-content-justification-center is-nowrap is-layout-flex wp-container-core-group-is-layout-a9ff9874 wp-block-group-is-layout-flex\">\n\n\n<p class=\"has-text-align-center\" style=\"margin-top:var(--wp--preset--spacing--10);margin-bottom:0\">(Atharva veda)<\/p>\n<\/div>\n<\/div><\/div>\n<\/div><\/div>\n\n\n\n<div class=\"wp-block-group alignfull\" style=\"margin-top:0;margin-bottom:0;padding-top:var(--wp--preset--spacing--50);padding-right:var(--wp--preset--spacing--50);padding-bottom:var(--wp--preset--spacing--50);padding-left:var(--wp--preset--spacing--50)\"><div class=\"wp-block-group__inner-container is-layout-constrained wp-container-core-group-is-layout-9cf8f26d wp-block-group-is-layout-constrained\">\n<div class=\"wp-block-group alignwide\"><div class=\"wp-block-group__inner-container is-layout-constrained wp-block-group-is-layout-constrained\"><\/div><\/div>\n<\/div><\/div>\n\n\n\n<div class=\"wp-block-group alignfull\" style=\"margin-top:0;margin-bottom:0;padding-top:var(--wp--preset--spacing--50);padding-right:var(--wp--preset--spacing--50);padding-bottom:var(--wp--preset--spacing--50);padding-left:var(--wp--preset--spacing--50)\"><div class=\"wp-block-group__inner-container is-layout-constrained wp-container-core-group-is-layout-9cf8f26d wp-block-group-is-layout-constrained\">\n<div class=\"wp-block-group alignwide has-base-2-background-color has-background\" style=\"border-radius:16px;padding-top:var(--wp--preset--spacing--40);padding-right:var(--wp--preset--spacing--50);padding-bottom:var(--wp--preset--spacing--40);padding-left:var(--wp--preset--spacing--50)\"><div class=\"wp-block-group__inner-container is-layout-constrained wp-container-core-group-is-layout-282d97d7 wp-block-group-is-layout-constrained\">\n<div style=\"height:var(--wp--preset--spacing--10)\" aria-hidden=\"true\" class=\"wp-block-spacer\"><\/div>\n\n\n\n<figure class=\"wp-block-pullquote\"><blockquote><p>Notre Adresse:<br><strong>NAMAST\u00e9 STUDIO<br>14 IMPASSE DE LA CALADE, 06410 &#8211; biot<\/strong><br>contact:<br><strong>+33 07 82 65 02 61<\/strong><br><strong>info@namastebiot.fr<\/strong><\/p><\/blockquote><\/figure>\n\n\n\n<p><\/p>\n\n\n\n<p><\/p>\n\n\n\n<div class=\"wp-block-buttons is-content-justification-center is-layout-flex wp-container-core-buttons-is-layout-16018d1d wp-block-buttons-is-layout-flex\"><\/div>\n\n\n\n<div style=\"height:var(--wp--preset--spacing--10)\" aria-hidden=\"true\" class=\"wp-block-spacer\"><\/div>\n<\/div><\/div>\n<\/div><\/div>\n","protected":false},"excerpt":{"rendered":"<p>yin yoga &amp; hatha yoga biot &#8211; francE RAPPEL IMPORTANT: BIOT ACcUEILLE LA FETE DES TEMPLIERS DU 10 AU 12 AVRIL. assurez-vous de pouvoir acc\u00e9der au village avant de r\u00e9server votre cours. Que signifie Namast\u00e9 ? Geste de la main, Namast\u00e9 est \u00e0 la fois un acte de reconnaissance et une action de gr\u00e2ce d&rsquo;un&hellip;&nbsp;<a href=\"https:\/\/namastebiot.fr\/\" class=\"\" rel=\"bookmark\">Lire la suite &raquo;<span class=\"screen-reader-text\">NAMAST\u00e9 STUDIO<\/span><\/a><\/p>\n","protected":false},"author":1,"featured_media":0,"parent":0,"menu_order":0,"comment_status":"closed","ping_status":"closed","template":"","meta":{"_bbp_topic_count":0,"_bbp_reply_count":0,"_bbp_total_topic_count":0,"_bbp_total_reply_count":0,"_bbp_voice_count":0,"_bbp_anonymous_reply_count":0,"_bbp_topic_count_hidden":0,"_bbp_reply_count_hidden":0,"_bbp_forum_subforum_count":0,"neve_meta_sidebar":"","neve_meta_container":"","neve_meta_enable_content_width":"","neve_meta_content_width":0,"neve_meta_title_alignment":"","neve_meta_author_avatar":"","neve_post_elements_order":"","neve_meta_disable_header":"","neve_meta_disable_footer":"","neve_meta_disable_title":"","footnotes":""},"class_list":["post-40","page","type-page","status-publish","hentry"],"_links":{"self":[{"href":"https:\/\/namastebiot.fr\/index.php\/wp-json\/wp\/v2\/pages\/40","targetHints":{"allow":["GET"]}}],"collection":[{"href":"https:\/\/namastebiot.fr\/index.php\/wp-json\/wp\/v2\/pages"}],"about":[{"href":"https:\/\/namastebiot.fr\/index.php\/wp-json\/wp\/v2\/types\/page"}],"author":[{"embeddable":true,"href":"https:\/\/namastebiot.fr\/index.php\/wp-json\/wp\/v2\/users\/1"}],"replies":[{"embeddable":true,"href":"https:\/\/namastebiot.fr\/index.php\/wp-json\/wp\/v2\/comments?post=40"}],"version-history":[{"count":309,"href":"https:\/\/namastebiot.fr\/index.php\/wp-json\/wp\/v2\/pages\/40\/revisions"}],"predecessor-version":[{"id":654,"href":"https:\/\/namastebiot.fr\/index.php\/wp-json\/wp\/v2\/pages\/40\/revisions\/654"}],"wp:attachment":[{"href":"https:\/\/namastebiot.fr\/index.php\/wp-json\/wp\/v2\/media?parent=40"}],"curies":[{"name":"wp","href":"https:\/\/api.w.org\/{rel}","templated":true}]}}