{"id":48,"date":"2024-01-02T16:00:16","date_gmt":"2024-01-02T15:00:16","guid":{"rendered":"http:\/\/namastebiot.fr\/?page_id=48"},"modified":"2024-01-04T15:53:56","modified_gmt":"2024-01-04T14:53:56","slug":"que-signifie-namaste","status":"publish","type":"page","link":"https:\/\/namastebiot.fr\/index.php\/que-signifie-namaste\/","title":{"rendered":"QUE SIGNIFIE NAMAST\u00e9 ?"},"content":{"rendered":"\n<p>Geste de la main, <em>Namast<\/em>\u00e9\u00a0est \u00e0 la fois un acte de reconnaissance et une action de gr\u00e2ce d\u2019un individu \u00e0 l\u2019autre. le geste repr\u00e9sente \u00e9galement l\u2019\u00e9tincelle divine en chacun de nous, le chakra du c\u0153ur. <\/p>\n\n\n\n<p>\u00ab\u00a0Nama\u00a0\u00bb signifie s&rsquo;incliner, \u00ab\u00a0as\u00a0\u00bb signifie je\/moi et \u00ab\u00a0te\u00a0\u00bb signifie vous, donc \u00ab\u00a0Namast\u00e9\u00a0\u00bb signifie litt\u00e9ralement \u00ab\u00a0inclinez-vous devant moi\u00a0\u00bb ou bien \u00ab\u00a0inclinez-vous devant vous\u00a0\u00bb.<\/p>\n\n\n\n<p>*Comment faire le geste Namast\u00e9 ?<\/p>\n\n\n\n<p>Pour faire le geste Namast\u00e9, nous devons rapprocher nos mains pr\u00e8s du chakra du c\u0153ur, fermer les yeux et baisser la t\u00eate. Une autre fa\u00e7on de signaler est de placer vos mains ensemble devant la \u00ab glande pin\u00e9ale \u00bb du troisi\u00e8me \u0153il, d\u2019incliner la t\u00eate, puis de d\u00e9placer vos mains vers le chakra du c\u0153ur.<\/p>\n\n\n\n<p>Il s\u2019agit d\u2019une forme de respect particuli\u00e8rement profonde. Bien qu&rsquo;en Occident le mot \u00ab Namast\u00e9 \u00bb soit g\u00e9n\u00e9ralement combin\u00e9 avec le geste, en Inde, \u00ab Namast\u00e9 \u00bb lui-m\u00eame signifie s&rsquo;incliner, il n&rsquo;est donc pas n\u00e9cessaire de prononcer le mot en s&rsquo;inclinant. Nous pla\u00e7ons nos mains sur notre chakra du c\u0153ur pour augmenter le flux de l\u2019amour divin. <\/p>\n\n\n\n<p>Incliner la t\u00eate et fermer les yeux aide l\u2019esprit \u00e0 s\u2019abandonner au divin int\u00e9rieur. <\/p>\n\n\n\n<p>Vous pouvez utiliser Namast\u00ea comme forme d\u2019autom\u00e9ditation et p\u00e9n\u00e9trer plus profond\u00e9ment dans le chakra du c\u0153ur gr\u00e2ce \u00e0 Namast\u00ea. M\u00eame si ce geste est rapide, il constitue \u00e9galement une belle m\u00e9ditation lorsqu\u2019il est r\u00e9alis\u00e9 avec les autres.<\/p>\n","protected":false},"excerpt":{"rendered":"<p>Geste de la main, Namast\u00e9\u00a0est \u00e0 la fois un acte de reconnaissance et une action de gr\u00e2ce d\u2019un individu \u00e0 l\u2019autre. le geste repr\u00e9sente \u00e9galement l\u2019\u00e9tincelle divine en chacun de nous, le chakra du c\u0153ur. \u00ab\u00a0Nama\u00a0\u00bb signifie s&rsquo;incliner, \u00ab\u00a0as\u00a0\u00bb signifie je\/moi et \u00ab\u00a0te\u00a0\u00bb signifie vous, donc \u00ab\u00a0Namast\u00e9\u00a0\u00bb signifie litt\u00e9ralement \u00ab\u00a0inclinez-vous devant moi\u00a0\u00bb ou bien \u00ab\u00a0inclinez-vous&hellip;&nbsp;<a href=\"https:\/\/namastebiot.fr\/index.php\/que-signifie-namaste\/\" class=\"\" rel=\"bookmark\">Lire la suite &raquo;<span class=\"screen-reader-text\">QUE SIGNIFIE NAMAST\u00e9 ?<\/span><\/a><\/p>\n","protected":false},"author":1,"featured_media":0,"parent":0,"menu_order":0,"comment_status":"closed","ping_status":"closed","template":"","meta":{"_bbp_topic_count":0,"_bbp_reply_count":0,"_bbp_total_topic_count":0,"_bbp_total_reply_count":0,"_bbp_voice_count":0,"_bbp_anonymous_reply_count":0,"_bbp_topic_count_hidden":0,"_bbp_reply_count_hidden":0,"_bbp_forum_subforum_count":0,"neve_meta_sidebar":"","neve_meta_container":"","neve_meta_enable_content_width":"","neve_meta_content_width":0,"neve_meta_title_alignment":"","neve_meta_author_avatar":"","neve_post_elements_order":"","neve_meta_disable_header":"","neve_meta_disable_footer":"","neve_meta_disable_title":"","footnotes":""},"class_list":["post-48","page","type-page","status-publish","hentry"],"_links":{"self":[{"href":"https:\/\/namastebiot.fr\/index.php\/wp-json\/wp\/v2\/pages\/48","targetHints":{"allow":["GET"]}}],"collection":[{"href":"https:\/\/namastebiot.fr\/index.php\/wp-json\/wp\/v2\/pages"}],"about":[{"href":"https:\/\/namastebiot.fr\/index.php\/wp-json\/wp\/v2\/types\/page"}],"author":[{"embeddable":true,"href":"https:\/\/namastebiot.fr\/index.php\/wp-json\/wp\/v2\/users\/1"}],"replies":[{"embeddable":true,"href":"https:\/\/namastebiot.fr\/index.php\/wp-json\/wp\/v2\/comments?post=48"}],"version-history":[{"count":4,"href":"https:\/\/namastebiot.fr\/index.php\/wp-json\/wp\/v2\/pages\/48\/revisions"}],"predecessor-version":[{"id":256,"href":"https:\/\/namastebiot.fr\/index.php\/wp-json\/wp\/v2\/pages\/48\/revisions\/256"}],"wp:attachment":[{"href":"https:\/\/namastebiot.fr\/index.php\/wp-json\/wp\/v2\/media?parent=48"}],"curies":[{"name":"wp","href":"https:\/\/api.w.org\/{rel}","templated":true}]}}