{"id":70,"date":"2024-01-02T16:38:29","date_gmt":"2024-01-02T15:38:29","guid":{"rendered":"http:\/\/namastebiot.fr\/?page_id=70"},"modified":"2024-01-03T12:38:59","modified_gmt":"2024-01-03T11:38:59","slug":"ameliorer-sa-pratique-du-yoga","status":"publish","type":"page","link":"https:\/\/namastebiot.fr\/index.php\/ameliorer-sa-pratique-du-yoga\/","title":{"rendered":"Am\u00e9liorer sa pratique du yoga"},"content":{"rendered":"\n<p>Certaines personnes sont capables de faire des asanas en force, en torsions, voire des port\u00e9s en \u00e9quilibre sur quelques doigts, mais ils le font PARFOIS sans une r\u00e9elle approche int\u00e9rieure du yoga.<br>En cela elles peuvent toujours \u00eatre qualifi\u00e9es de \u00ab\u00a0novices\u00a0\u00bb en Yoga.<\/p>\n\n\n\n<p>Lors de votre pratique, vous entendrez souvent le professeur dire combien de respirations et combien de temps vous devez maintenir la posture, posture qui vous semble toujours \u00eatre la m\u00eame.<br>En fait, l&rsquo;activit\u00e9 musculaire et votre respiration font \u00e9voluer votre corps. La pers\u00e9v\u00e9rance et la r\u00e9p\u00e9tition des postures entrent dans un processus serein de mise en harmonie de votre respiration, de votre corps et de votre esprit.<br>Et cette recherche d&rsquo;harmonie peut se poursuivre &#8230; \u00e0 l&rsquo;infini.<\/p>\n\n\n\n<p>Votre pratique avan\u00e7ant, vous apprendrez \u00e0 mieux vous concentrer sur votre corps et \u00e0 vous affranchir des interf\u00e9rences qui peuvent polluer au d\u00e9but de votre apprentissage.<br>Progressivement une pratique ouverte et r\u00e9guli\u00e8re du yoga vous am\u00e8nera \u00e0 un niveau plus profond de concentration et \u00e0 une m\u00e9ditation plus intense.<br>La douceur, l&rsquo;optimisme et une vision positive seront aussi autant d&rsquo;effets induits par le Yoga.<\/p>\n\n\n\n<p>Et ces effets vous accompagneront inconsciemment dans votre vie, en dehors de vos seules s\u00e9ances de Yoga. Vous deviendrez moins sensibles aux \u00ab\u00a0distractions\u00a0\u00bb, votre esprit sera plus calme et plus r\u00e9ceptif \u00e0 ce qui est essentiel.<\/p>\n\n\n\n<p>Avec votre professeur, votre guide, estimez votre propre point de d\u00e9part, abordez votre pratique avec optimisme et ouverture, et vous en ressentirez peu \u00e0 peu les bienfaits.<br>Quant \u00e0 la flexibilit\u00e9 de votre corps, elle s&rsquo;am\u00e9liorera progressivement.<\/p>\n\n\n\n<p>Et d&rsquo;un point de vue anatomique ?<\/p>\n\n\n\n<p>L&rsquo;enchainement des Asanas&nbsp;ne doit bien s\u00fbr rien au hasard, ils s&rsquo;enchainent et se compl\u00e8tent pour renforcer, ou d\u00e9tendre, diff\u00e9rentes parties de votre corps en les sollicitant de fa\u00e7on cibl\u00e9e et compl\u00e8te.<\/p>\n\n\n\n<p>Les Asanas toucheront vos muscles, vos articulations et vos organes plus profonds, pour les renforcer, les masser et les nettoyer.<\/p>\n\n\n\n<p>Enfin, la posture finale de repos, dite \u00ab\u00a0Savasana\u00a0\u00bb (la grande relaxation) est un asana essentiel de r\u00e9cup\u00e9ration et d&rsquo;assimilation.<br>A ce stade de la s\u00e9ance votre corps est en paix, rel\u00e2ch\u00e9, sa r\u00e9ceptivit\u00e9 est maximum, aussi ne vous privez pas de ce moment suspendu en parlant ou vous distrayant. LA CONCENTRATION VOUS AIDERA \u00e0 mieux profiter des bienfaits de la pratique. <\/p>\n\n\n\n<p><\/p>\n","protected":false},"excerpt":{"rendered":"<p>Certaines personnes sont capables de faire des asanas en force, en torsions, voire des port\u00e9s en \u00e9quilibre sur quelques doigts, mais ils le font PARFOIS sans une r\u00e9elle approche int\u00e9rieure du yoga.En cela elles peuvent toujours \u00eatre qualifi\u00e9es de \u00ab\u00a0novices\u00a0\u00bb en Yoga. Lors de votre pratique, vous entendrez souvent le professeur dire combien de respirations&hellip;&nbsp;<a href=\"https:\/\/namastebiot.fr\/index.php\/ameliorer-sa-pratique-du-yoga\/\" class=\"\" rel=\"bookmark\">Lire la suite &raquo;<span class=\"screen-reader-text\">Am\u00e9liorer sa pratique du yoga<\/span><\/a><\/p>\n","protected":false},"author":1,"featured_media":0,"parent":0,"menu_order":0,"comment_status":"closed","ping_status":"closed","template":"","meta":{"_bbp_topic_count":0,"_bbp_reply_count":0,"_bbp_total_topic_count":0,"_bbp_total_reply_count":0,"_bbp_voice_count":0,"_bbp_anonymous_reply_count":0,"_bbp_topic_count_hidden":0,"_bbp_reply_count_hidden":0,"_bbp_forum_subforum_count":0,"neve_meta_sidebar":"","neve_meta_container":"","neve_meta_enable_content_width":"","neve_meta_content_width":0,"neve_meta_title_alignment":"","neve_meta_author_avatar":"","neve_post_elements_order":"","neve_meta_disable_header":"","neve_meta_disable_footer":"","neve_meta_disable_title":"","footnotes":""},"class_list":["post-70","page","type-page","status-publish","hentry"],"_links":{"self":[{"href":"https:\/\/namastebiot.fr\/index.php\/wp-json\/wp\/v2\/pages\/70","targetHints":{"allow":["GET"]}}],"collection":[{"href":"https:\/\/namastebiot.fr\/index.php\/wp-json\/wp\/v2\/pages"}],"about":[{"href":"https:\/\/namastebiot.fr\/index.php\/wp-json\/wp\/v2\/types\/page"}],"author":[{"embeddable":true,"href":"https:\/\/namastebiot.fr\/index.php\/wp-json\/wp\/v2\/users\/1"}],"replies":[{"embeddable":true,"href":"https:\/\/namastebiot.fr\/index.php\/wp-json\/wp\/v2\/comments?post=70"}],"version-history":[{"count":2,"href":"https:\/\/namastebiot.fr\/index.php\/wp-json\/wp\/v2\/pages\/70\/revisions"}],"predecessor-version":[{"id":249,"href":"https:\/\/namastebiot.fr\/index.php\/wp-json\/wp\/v2\/pages\/70\/revisions\/249"}],"wp:attachment":[{"href":"https:\/\/namastebiot.fr\/index.php\/wp-json\/wp\/v2\/media?parent=70"}],"curies":[{"name":"wp","href":"https:\/\/api.w.org\/{rel}","templated":true}]}}