{"id":86,"date":"2024-01-02T17:15:29","date_gmt":"2024-01-02T16:15:29","guid":{"rendered":"http:\/\/namastebiot.fr\/?page_id=86"},"modified":"2024-01-07T09:49:03","modified_gmt":"2024-01-07T08:49:03","slug":"le-hatha-yoga","status":"publish","type":"page","link":"https:\/\/namastebiot.fr\/index.php\/le-hatha-yoga\/","title":{"rendered":"le hatha yoga"},"content":{"rendered":"\n<p>Le Hatha Yoga est un terme sanskrit qui trouve son origine dans des textes anciens, les \u00ab\u00a0Yoga Sutras\u00a0\u00bb de Patanjali. \u00ab\u00a0ha\u00a0\u00bb signifie soleil et \u00ab\u00a0tha\u00a0\u00bb signifie lune.<\/p>\n\n\n\n<p>le hatha yoga consiste en un encha\u00eenement de postures (les \u00ab\u00a0Asanas\u00a0\u00bb en sanskrit), de tr\u00e8s simples \u00e0 plus compliqu\u00e9es.\u00a0Ce type de yoga, par la pr\u00e9cision et le rythme des postures, am\u00e8ne le pratiquant \u00e0 une meilleure ma\u00eetrise de son corps et de ses sens, \u00e0 plus d&rsquo;harmonie et de bien-\u00eatre.<\/p>\n\n\n\n<p>Le Hatha-Yoga s&rsquo;adresse \u00e0 tout le monde, que vous soyez d\u00e9butant ou plus exp\u00e9riment\u00e9.<\/p>\n","protected":false},"excerpt":{"rendered":"<p>Le Hatha Yoga est un terme sanskrit qui trouve son origine dans des textes anciens, les \u00ab\u00a0Yoga Sutras\u00a0\u00bb de Patanjali. \u00ab\u00a0ha\u00a0\u00bb signifie soleil et \u00ab\u00a0tha\u00a0\u00bb signifie lune. le hatha yoga consiste en un encha\u00eenement de postures (les \u00ab\u00a0Asanas\u00a0\u00bb en sanskrit), de tr\u00e8s simples \u00e0 plus compliqu\u00e9es.\u00a0Ce type de yoga, par la pr\u00e9cision et le rythme&hellip;&nbsp;<a href=\"https:\/\/namastebiot.fr\/index.php\/le-hatha-yoga\/\" class=\"\" rel=\"bookmark\">Lire la suite &raquo;<span class=\"screen-reader-text\">le hatha yoga<\/span><\/a><\/p>\n","protected":false},"author":1,"featured_media":0,"parent":0,"menu_order":0,"comment_status":"closed","ping_status":"closed","template":"","meta":{"_bbp_topic_count":0,"_bbp_reply_count":0,"_bbp_total_topic_count":0,"_bbp_total_reply_count":0,"_bbp_voice_count":0,"_bbp_anonymous_reply_count":0,"_bbp_topic_count_hidden":0,"_bbp_reply_count_hidden":0,"_bbp_forum_subforum_count":0,"neve_meta_sidebar":"","neve_meta_container":"","neve_meta_enable_content_width":"","neve_meta_content_width":0,"neve_meta_title_alignment":"","neve_meta_author_avatar":"","neve_post_elements_order":"","neve_meta_disable_header":"","neve_meta_disable_footer":"","neve_meta_disable_title":"","footnotes":""},"class_list":["post-86","page","type-page","status-publish","hentry"],"_links":{"self":[{"href":"https:\/\/namastebiot.fr\/index.php\/wp-json\/wp\/v2\/pages\/86","targetHints":{"allow":["GET"]}}],"collection":[{"href":"https:\/\/namastebiot.fr\/index.php\/wp-json\/wp\/v2\/pages"}],"about":[{"href":"https:\/\/namastebiot.fr\/index.php\/wp-json\/wp\/v2\/types\/page"}],"author":[{"embeddable":true,"href":"https:\/\/namastebiot.fr\/index.php\/wp-json\/wp\/v2\/users\/1"}],"replies":[{"embeddable":true,"href":"https:\/\/namastebiot.fr\/index.php\/wp-json\/wp\/v2\/comments?post=86"}],"version-history":[{"count":2,"href":"https:\/\/namastebiot.fr\/index.php\/wp-json\/wp\/v2\/pages\/86\/revisions"}],"predecessor-version":[{"id":265,"href":"https:\/\/namastebiot.fr\/index.php\/wp-json\/wp\/v2\/pages\/86\/revisions\/265"}],"wp:attachment":[{"href":"https:\/\/namastebiot.fr\/index.php\/wp-json\/wp\/v2\/media?parent=86"}],"curies":[{"name":"wp","href":"https:\/\/api.w.org\/{rel}","templated":true}]}}