{"id":90,"date":"2024-01-02T17:34:25","date_gmt":"2024-01-02T16:34:25","guid":{"rendered":"http:\/\/namastebiot.fr\/?page_id=90"},"modified":"2024-01-07T09:50:39","modified_gmt":"2024-01-07T08:50:39","slug":"le-yin-yoga","status":"publish","type":"page","link":"https:\/\/namastebiot.fr\/index.php\/le-yin-yoga\/","title":{"rendered":"le yin yoga"},"content":{"rendered":"\n<p>Le Yin yoga est un yoga doux.<br>Popularis\u00e9 par Paul Grilley dans les ann\u00e9es 90, cette pratique s\u2019inspire \u00e0 la fois de yoga ancestral, de pens\u00e9e tao\u00efste et de m\u00e9decine traditionnelle chinoise.<\/p>\n\n\n\n<p>Parler de Yin et de Yang n&rsquo;est pas usuel dans notre culture occidentale. En philosophie orientale, le Yang est le mouvement et le Yin l\u2019immobilit\u00e9, le Yang est associ\u00e9 aux tissus \u00ab\u00a0chauds\u00a0\u00bb, vascularis\u00e9s, comme les muscles, la peau, les organes internes, tandis que le Yin est li\u00e9 aux articulations, aux ligaments, aux os.<\/p>\n\n\n\n<p>Le Yin Yoga est un yoga de m\u00e9ditation et de souplesse, b\u00e9n\u00e9fique aux articulations et aux ligaments.&nbsp;En Yin Yoga, il y a peu de sollicitation et renforcement musculaire.<\/p>\n\n\n\n<p>Gr\u00e2ce \u00e0 des postures douces, le Yin Yoga est propice \u00e0 la m\u00e9ditation&nbsp;et au \u00ab\u00a0l\u00e2cher prise\u00a0\u00bb qui manque tant aujourd&rsquo;hui.<\/p>\n","protected":false},"excerpt":{"rendered":"<p>Le Yin yoga est un yoga doux.Popularis\u00e9 par Paul Grilley dans les ann\u00e9es 90, cette pratique s\u2019inspire \u00e0 la fois de yoga ancestral, de pens\u00e9e tao\u00efste et de m\u00e9decine traditionnelle chinoise. Parler de Yin et de Yang n&rsquo;est pas usuel dans notre culture occidentale. En philosophie orientale, le Yang est le mouvement et le Yin&hellip;&nbsp;<a href=\"https:\/\/namastebiot.fr\/index.php\/le-yin-yoga\/\" class=\"\" rel=\"bookmark\">Lire la suite &raquo;<span class=\"screen-reader-text\">le yin yoga<\/span><\/a><\/p>\n","protected":false},"author":1,"featured_media":0,"parent":0,"menu_order":0,"comment_status":"closed","ping_status":"closed","template":"","meta":{"_bbp_topic_count":0,"_bbp_reply_count":0,"_bbp_total_topic_count":0,"_bbp_total_reply_count":0,"_bbp_voice_count":0,"_bbp_anonymous_reply_count":0,"_bbp_topic_count_hidden":0,"_bbp_reply_count_hidden":0,"_bbp_forum_subforum_count":0,"neve_meta_sidebar":"","neve_meta_container":"","neve_meta_enable_content_width":"","neve_meta_content_width":0,"neve_meta_title_alignment":"","neve_meta_author_avatar":"","neve_post_elements_order":"","neve_meta_disable_header":"","neve_meta_disable_footer":"","neve_meta_disable_title":"","footnotes":""},"class_list":["post-90","page","type-page","status-publish","hentry"],"_links":{"self":[{"href":"https:\/\/namastebiot.fr\/index.php\/wp-json\/wp\/v2\/pages\/90","targetHints":{"allow":["GET"]}}],"collection":[{"href":"https:\/\/namastebiot.fr\/index.php\/wp-json\/wp\/v2\/pages"}],"about":[{"href":"https:\/\/namastebiot.fr\/index.php\/wp-json\/wp\/v2\/types\/page"}],"author":[{"embeddable":true,"href":"https:\/\/namastebiot.fr\/index.php\/wp-json\/wp\/v2\/users\/1"}],"replies":[{"embeddable":true,"href":"https:\/\/namastebiot.fr\/index.php\/wp-json\/wp\/v2\/comments?post=90"}],"version-history":[{"count":2,"href":"https:\/\/namastebiot.fr\/index.php\/wp-json\/wp\/v2\/pages\/90\/revisions"}],"predecessor-version":[{"id":266,"href":"https:\/\/namastebiot.fr\/index.php\/wp-json\/wp\/v2\/pages\/90\/revisions\/266"}],"wp:attachment":[{"href":"https:\/\/namastebiot.fr\/index.php\/wp-json\/wp\/v2\/media?parent=90"}],"curies":[{"name":"wp","href":"https:\/\/api.w.org\/{rel}","templated":true}]}}