{"id":93,"date":"2024-01-02T18:11:07","date_gmt":"2024-01-02T17:11:07","guid":{"rendered":"http:\/\/namastebiot.fr\/?page_id=93"},"modified":"2024-07-22T16:10:27","modified_gmt":"2024-07-22T14:10:27","slug":"heloisa-costa","status":"publish","type":"page","link":"https:\/\/namastebiot.fr\/index.php\/heloisa-costa\/","title":{"rendered":"h\u00e9lo\u00efsa costa"},"content":{"rendered":"\n<p>H\u00e9lo\u00efsa a une formation pluridisciplinaire. Professeure de Yin Yoga et de Hatha Yoga certifi\u00e9e Yoga alliance, elle est aussi dipl\u00f4m\u00e9e d\u2019une Ecole de Communication Sociale, suiviE d\u2019une formation th\u00e9\u00e2trale acad\u00e9mique. <\/p>\n\n\n\n<p>Avant d\u2019arriver en France il y a une dizaine d&rsquo;ann\u00e9es, H\u00e9lo\u00efsa&nbsp;travaillait au Br\u00e9sil en tant que pr\u00e9paratrice&nbsp;physique au sein de plusieurs compagnies de th\u00e9\u00e2tre.<\/p>\n\n\n\n<p>Aupr\u00e8s du Th\u00e9\u00e2tre du Soleil, \u00e0 Paris, elle a accompagn\u00e9 Ariane Mnouchkine dans son projet de transmission en Su\u00e8de, en Angleterre et en Inde, \u00e0 Pondich\u00e9ry, o\u00f9 elle a approfondi sa connaissance de la philosophie indienne et du Hatha Yoga. Sa qu\u00eate personnelle, initi\u00e9e par l\u2019art du th\u00e9\u00e2tre comme un mode de vie associ\u00e9 \u00e0 un \u00e9tat d&rsquo;esprit, rencontrera finalement sa juste place dans le Yoga. <\/p>\n\n\n\n<p>Harmonie du corps et du mental : le Yoga est pour elle un chemin, un partage qui se concr\u00e9tise dans la joie d\u2019\u00eatre au monde, ensemble.<\/p>\n\n\n\n<p>en france, H\u00e9lo\u00efsa enseigne le Hatha Yoga et le Yin Yoga depuis 2019 au sein du studio \u00ab\u00a0Namast\u00e9 Yoga\u00a0\u00bb et de plusieurs Associations de La Seyne sur Mer. EN JANVIER 2024, elle cr\u00e9e SON PROPRE STUDIO, le namast\u00e9 studio.<\/p>\n\n\n\n<p>Avec passion, douceur et bienveillance, h\u00e9lo\u00efsa vous attend au c\u0153ur du village de biot!<\/p>\n\n\n\n<p>namast\u00e9<\/p>\n\n\n\n<p>CREDIT PHOTO: lily frebourg (@lilyfrebourgphoto)<\/p>\n\n\n<div class=\"wp-block-image\">\n<figure class=\"alignright size-large is-resized\"><img loading=\"lazy\" decoding=\"async\" width=\"683\" height=\"1024\" src=\"http:\/\/namastebiot.fr\/wp-content\/uploads\/2024\/01\/Heloisa10-3-683x1024.jpg\" alt=\"\" class=\"wp-image-242\" style=\"width:281px;height:auto\" srcset=\"https:\/\/namastebiot.fr\/wp-content\/uploads\/2024\/01\/Heloisa10-3-683x1024.jpg 683w, https:\/\/namastebiot.fr\/wp-content\/uploads\/2024\/01\/Heloisa10-3-200x300.jpg 200w, https:\/\/namastebiot.fr\/wp-content\/uploads\/2024\/01\/Heloisa10-3-768x1152.jpg 768w, https:\/\/namastebiot.fr\/wp-content\/uploads\/2024\/01\/Heloisa10-3-1024x1536.jpg 1024w, https:\/\/namastebiot.fr\/wp-content\/uploads\/2024\/01\/Heloisa10-3-1365x2048.jpg 1365w, https:\/\/namastebiot.fr\/wp-content\/uploads\/2024\/01\/Heloisa10-3-scaled.jpg 1707w\" sizes=\"auto, (max-width: 683px) 100vw, 683px\" \/><\/figure>\n<\/div>\n\n<div class=\"wp-block-image\">\n<figure class=\"alignleft size-large is-resized\"><img loading=\"lazy\" decoding=\"async\" width=\"683\" height=\"1024\" src=\"http:\/\/namastebiot.fr\/wp-content\/uploads\/2024\/01\/Heloisa25-2-683x1024.jpg\" alt=\"\" class=\"wp-image-245\" style=\"width:285px;height:auto\" srcset=\"https:\/\/namastebiot.fr\/wp-content\/uploads\/2024\/01\/Heloisa25-2-683x1024.jpg 683w, https:\/\/namastebiot.fr\/wp-content\/uploads\/2024\/01\/Heloisa25-2-200x300.jpg 200w, https:\/\/namastebiot.fr\/wp-content\/uploads\/2024\/01\/Heloisa25-2-768x1152.jpg 768w, https:\/\/namastebiot.fr\/wp-content\/uploads\/2024\/01\/Heloisa25-2-1024x1536.jpg 1024w, https:\/\/namastebiot.fr\/wp-content\/uploads\/2024\/01\/Heloisa25-2-1365x2048.jpg 1365w, https:\/\/namastebiot.fr\/wp-content\/uploads\/2024\/01\/Heloisa25-2-scaled.jpg 1707w\" sizes=\"auto, (max-width: 683px) 100vw, 683px\" \/><\/figure>\n<\/div>\n\n<div class=\"wp-block-image\">\n<figure class=\"aligncenter size-large is-resized\"><img loading=\"lazy\" decoding=\"async\" width=\"1024\" height=\"683\" src=\"http:\/\/namastebiot.fr\/wp-content\/uploads\/2024\/01\/Heloisa23BW-2-1024x683.jpg\" alt=\"\" class=\"wp-image-236\" style=\"width:310px;height:auto\" srcset=\"https:\/\/namastebiot.fr\/wp-content\/uploads\/2024\/01\/Heloisa23BW-2-1024x683.jpg 1024w, https:\/\/namastebiot.fr\/wp-content\/uploads\/2024\/01\/Heloisa23BW-2-300x200.jpg 300w, https:\/\/namastebiot.fr\/wp-content\/uploads\/2024\/01\/Heloisa23BW-2-768x512.jpg 768w, https:\/\/namastebiot.fr\/wp-content\/uploads\/2024\/01\/Heloisa23BW-2-1536x1024.jpg 1536w, https:\/\/namastebiot.fr\/wp-content\/uploads\/2024\/01\/Heloisa23BW-2-2048x1365.jpg 2048w, https:\/\/namastebiot.fr\/wp-content\/uploads\/2024\/01\/Heloisa23BW-2-930x620.jpg 930w\" sizes=\"auto, (max-width: 1024px) 100vw, 1024px\" \/><\/figure>\n<\/div>\n\n<div class=\"wp-block-image\">\n<figure class=\"aligncenter size-large is-resized\"><img loading=\"lazy\" decoding=\"async\" width=\"1024\" height=\"683\" src=\"http:\/\/namastebiot.fr\/wp-content\/uploads\/2024\/01\/Heloisa8-1-1024x683.jpg\" alt=\"\" class=\"wp-image-223\" style=\"width:358px;height:auto\" srcset=\"https:\/\/namastebiot.fr\/wp-content\/uploads\/2024\/01\/Heloisa8-1-1024x683.jpg 1024w, https:\/\/namastebiot.fr\/wp-content\/uploads\/2024\/01\/Heloisa8-1-300x200.jpg 300w, https:\/\/namastebiot.fr\/wp-content\/uploads\/2024\/01\/Heloisa8-1-768x512.jpg 768w, https:\/\/namastebiot.fr\/wp-content\/uploads\/2024\/01\/Heloisa8-1-1536x1024.jpg 1536w, https:\/\/namastebiot.fr\/wp-content\/uploads\/2024\/01\/Heloisa8-1-2048x1365.jpg 2048w, https:\/\/namastebiot.fr\/wp-content\/uploads\/2024\/01\/Heloisa8-1-930x620.jpg 930w\" sizes=\"auto, (max-width: 1024px) 100vw, 1024px\" \/><\/figure>\n<\/div>","protected":false},"excerpt":{"rendered":"<p>H\u00e9lo\u00efsa a une formation pluridisciplinaire. Professeure de Yin Yoga et de Hatha Yoga certifi\u00e9e Yoga alliance, elle est aussi dipl\u00f4m\u00e9e d\u2019une Ecole de Communication Sociale, suiviE d\u2019une formation th\u00e9\u00e2trale acad\u00e9mique. Avant d\u2019arriver en France il y a une dizaine d&rsquo;ann\u00e9es, H\u00e9lo\u00efsa&nbsp;travaillait au Br\u00e9sil en tant que pr\u00e9paratrice&nbsp;physique au sein de plusieurs compagnies de th\u00e9\u00e2tre. Aupr\u00e8s&hellip;&nbsp;<a href=\"https:\/\/namastebiot.fr\/index.php\/heloisa-costa\/\" class=\"\" rel=\"bookmark\">Lire la suite &raquo;<span class=\"screen-reader-text\">h\u00e9lo\u00efsa costa<\/span><\/a><\/p>\n","protected":false},"author":1,"featured_media":0,"parent":0,"menu_order":0,"comment_status":"closed","ping_status":"closed","template":"","meta":{"_bbp_topic_count":0,"_bbp_reply_count":0,"_bbp_total_topic_count":0,"_bbp_total_reply_count":0,"_bbp_voice_count":0,"_bbp_anonymous_reply_count":0,"_bbp_topic_count_hidden":0,"_bbp_reply_count_hidden":0,"_bbp_forum_subforum_count":0,"neve_meta_sidebar":"","neve_meta_container":"","neve_meta_enable_content_width":"","neve_meta_content_width":0,"neve_meta_title_alignment":"","neve_meta_author_avatar":"","neve_post_elements_order":"","neve_meta_disable_header":"","neve_meta_disable_footer":"","neve_meta_disable_title":"","footnotes":""},"class_list":["post-93","page","type-page","status-publish","hentry"],"_links":{"self":[{"href":"https:\/\/namastebiot.fr\/index.php\/wp-json\/wp\/v2\/pages\/93","targetHints":{"allow":["GET"]}}],"collection":[{"href":"https:\/\/namastebiot.fr\/index.php\/wp-json\/wp\/v2\/pages"}],"about":[{"href":"https:\/\/namastebiot.fr\/index.php\/wp-json\/wp\/v2\/types\/page"}],"author":[{"embeddable":true,"href":"https:\/\/namastebiot.fr\/index.php\/wp-json\/wp\/v2\/users\/1"}],"replies":[{"embeddable":true,"href":"https:\/\/namastebiot.fr\/index.php\/wp-json\/wp\/v2\/comments?post=93"}],"version-history":[{"count":17,"href":"https:\/\/namastebiot.fr\/index.php\/wp-json\/wp\/v2\/pages\/93\/revisions"}],"predecessor-version":[{"id":423,"href":"https:\/\/namastebiot.fr\/index.php\/wp-json\/wp\/v2\/pages\/93\/revisions\/423"}],"wp:attachment":[{"href":"https:\/\/namastebiot.fr\/index.php\/wp-json\/wp\/v2\/media?parent=93"}],"curies":[{"name":"wp","href":"https:\/\/api.w.org\/{rel}","templated":true}]}}